{"id":236,"date":"2026-01-28T09:44:47","date_gmt":"2026-01-28T08:44:47","guid":{"rendered":"https:\/\/sauctallercreatiu.com\/?page_id=236"},"modified":"2026-01-28T09:44:47","modified_gmt":"2026-01-28T08:44:47","slug":"sesiones-coworking","status":"publish","type":"page","link":"https:\/\/sauctallercreatiu.com\/index.php\/sesiones-coworking\/","title":{"rendered":"Sesiones coworking"},"content":{"rendered":"\n<figure class=\"wp-block-gallery has-nested-images columns-4 wp-block-gallery-1 is-layout-flex wp-block-gallery-is-layout-flex\" style=\"border-style:none;border-width:0px;border-top-left-radius:0px;border-top-right-radius:0px;border-bottom-left-radius:0px;border-bottom-right-radius:0px\">\n<figure class=\"wp-block-image size-large\"><img loading=\"lazy\" decoding=\"async\" width=\"768\" height=\"1024\" data-id=\"238\" src=\"https:\/\/sauctallercreatiu.com\/wp-content\/uploads\/2026\/01\/cursos-per-hores-04-768x1024.jpg\" alt=\"\" class=\"wp-image-238\" srcset=\"https:\/\/sauctallercreatiu.com\/wp-content\/uploads\/2026\/01\/cursos-per-hores-04-768x1024.jpg 768w, https:\/\/sauctallercreatiu.com\/wp-content\/uploads\/2026\/01\/cursos-per-hores-04-225x300.jpg 225w, https:\/\/sauctallercreatiu.com\/wp-content\/uploads\/2026\/01\/cursos-per-hores-04-1152x1536.jpg 1152w, https:\/\/sauctallercreatiu.com\/wp-content\/uploads\/2026\/01\/cursos-per-hores-04-1536x2048.jpg 1536w, https:\/\/sauctallercreatiu.com\/wp-content\/uploads\/2026\/01\/cursos-per-hores-04-1140x1520.jpg 1140w, https:\/\/sauctallercreatiu.com\/wp-content\/uploads\/2026\/01\/cursos-per-hores-04-920x1227.jpg 920w, https:\/\/sauctallercreatiu.com\/wp-content\/uploads\/2026\/01\/cursos-per-hores-04-575x767.jpg 575w, https:\/\/sauctallercreatiu.com\/wp-content\/uploads\/2026\/01\/cursos-per-hores-04-380x507.jpg 380w, https:\/\/sauctallercreatiu.com\/wp-content\/uploads\/2026\/01\/cursos-per-hores-04-scaled.jpg 1920w\" sizes=\"auto, (max-width: 768px) 100vw, 768px\" \/><\/figure>\n\n\n\n<figure class=\"wp-block-image size-large\"><img loading=\"lazy\" decoding=\"async\" width=\"768\" height=\"1024\" data-id=\"241\" src=\"https:\/\/sauctallercreatiu.com\/wp-content\/uploads\/2026\/01\/bono-hores_Mesa-de-trabajo-1-768x1024.jpg\" alt=\"\" class=\"wp-image-241\" srcset=\"https:\/\/sauctallercreatiu.com\/wp-content\/uploads\/2026\/01\/bono-hores_Mesa-de-trabajo-1-768x1024.jpg 768w, https:\/\/sauctallercreatiu.com\/wp-content\/uploads\/2026\/01\/bono-hores_Mesa-de-trabajo-1-225x300.jpg 225w, https:\/\/sauctallercreatiu.com\/wp-content\/uploads\/2026\/01\/bono-hores_Mesa-de-trabajo-1-1152x1536.jpg 1152w, https:\/\/sauctallercreatiu.com\/wp-content\/uploads\/2026\/01\/bono-hores_Mesa-de-trabajo-1-1536x2048.jpg 1536w, https:\/\/sauctallercreatiu.com\/wp-content\/uploads\/2026\/01\/bono-hores_Mesa-de-trabajo-1-1140x1520.jpg 1140w, https:\/\/sauctallercreatiu.com\/wp-content\/uploads\/2026\/01\/bono-hores_Mesa-de-trabajo-1-920x1227.jpg 920w, https:\/\/sauctallercreatiu.com\/wp-content\/uploads\/2026\/01\/bono-hores_Mesa-de-trabajo-1-575x767.jpg 575w, https:\/\/sauctallercreatiu.com\/wp-content\/uploads\/2026\/01\/bono-hores_Mesa-de-trabajo-1-380x507.jpg 380w, https:\/\/sauctallercreatiu.com\/wp-content\/uploads\/2026\/01\/bono-hores_Mesa-de-trabajo-1-scaled.jpg 1920w\" sizes=\"auto, (max-width: 768px) 100vw, 768px\" \/><\/figure>\n\n\n\n<figure class=\"wp-block-image size-large\"><img loading=\"lazy\" decoding=\"async\" width=\"768\" height=\"1024\" data-id=\"240\" src=\"https:\/\/sauctallercreatiu.com\/wp-content\/uploads\/2026\/01\/bono-hores-02-768x1024.jpg\" alt=\"\" class=\"wp-image-240\" srcset=\"https:\/\/sauctallercreatiu.com\/wp-content\/uploads\/2026\/01\/bono-hores-02-768x1024.jpg 768w, https:\/\/sauctallercreatiu.com\/wp-content\/uploads\/2026\/01\/bono-hores-02-225x300.jpg 225w, https:\/\/sauctallercreatiu.com\/wp-content\/uploads\/2026\/01\/bono-hores-02-1152x1536.jpg 1152w, https:\/\/sauctallercreatiu.com\/wp-content\/uploads\/2026\/01\/bono-hores-02-1536x2048.jpg 1536w, https:\/\/sauctallercreatiu.com\/wp-content\/uploads\/2026\/01\/bono-hores-02-1140x1520.jpg 1140w, https:\/\/sauctallercreatiu.com\/wp-content\/uploads\/2026\/01\/bono-hores-02-920x1226.jpg 920w, https:\/\/sauctallercreatiu.com\/wp-content\/uploads\/2026\/01\/bono-hores-02-575x766.jpg 575w, https:\/\/sauctallercreatiu.com\/wp-content\/uploads\/2026\/01\/bono-hores-02-380x507.jpg 380w, https:\/\/sauctallercreatiu.com\/wp-content\/uploads\/2026\/01\/bono-hores-02-scaled.jpg 1920w\" sizes=\"auto, (max-width: 768px) 100vw, 768px\" \/><\/figure>\n\n\n\n<figure class=\"wp-block-image size-large\"><img loading=\"lazy\" decoding=\"async\" width=\"768\" height=\"1024\" data-id=\"239\" src=\"https:\/\/sauctallercreatiu.com\/wp-content\/uploads\/2026\/01\/bono-hores-03-768x1024.jpg\" alt=\"\" class=\"wp-image-239\" srcset=\"https:\/\/sauctallercreatiu.com\/wp-content\/uploads\/2026\/01\/bono-hores-03-768x1024.jpg 768w, https:\/\/sauctallercreatiu.com\/wp-content\/uploads\/2026\/01\/bono-hores-03-225x300.jpg 225w, https:\/\/sauctallercreatiu.com\/wp-content\/uploads\/2026\/01\/bono-hores-03-1152x1536.jpg 1152w, https:\/\/sauctallercreatiu.com\/wp-content\/uploads\/2026\/01\/bono-hores-03-1536x2048.jpg 1536w, https:\/\/sauctallercreatiu.com\/wp-content\/uploads\/2026\/01\/bono-hores-03-1140x1520.jpg 1140w, https:\/\/sauctallercreatiu.com\/wp-content\/uploads\/2026\/01\/bono-hores-03-920x1226.jpg 920w, https:\/\/sauctallercreatiu.com\/wp-content\/uploads\/2026\/01\/bono-hores-03-575x766.jpg 575w, https:\/\/sauctallercreatiu.com\/wp-content\/uploads\/2026\/01\/bono-hores-03-380x507.jpg 380w, https:\/\/sauctallercreatiu.com\/wp-content\/uploads\/2026\/01\/bono-hores-03-scaled.jpg 1920w\" sizes=\"auto, (max-width: 768px) 100vw, 768px\" \/><\/figure>\n<\/figure>\n\n\n\n<p style=\"margin-right:var(--wp--preset--spacing--40);margin-left:var(--wp--preset--spacing--40)\">Las sesiones de coworking de Sa\u00fcc est\u00e1n pensadas para profundizar en nuestras t\u00e9cnicas con acompa\u00f1amiento y foco. Ofrecemos clases y sesiones libres tutorizadas, trabajando a partir de un proyecto propio y un objetivo claro.<\/p>\n\n\n\n<p style=\"margin-right:var(--wp--preset--spacing--40);margin-left:var(--wp--preset--spacing--40)\">Puedes acceder mediante bonos de 2 h, packs de 3, 5 o 10 sesiones, y tambi\u00e9n con una sesi\u00f3n de prueba. Las sesiones se realizan entre semana y siempre con cita previa.<\/p>\n\n\n\n<div class=\"wp-block-buttons is-content-justification-center is-layout-flex wp-container-core-buttons-is-layout-a89b3969 wp-block-buttons-is-layout-flex\">\n<div class=\"wp-block-button is-style-fill\"><a class=\"wp-block-button__link has-background wp-element-button\" href=\"https:\/\/wa.me\/34614295549?text=Estoy%20interesado%20en%20las%20sesiones%20de%20coworking%20en%20Sa%C3%BCc%20y%20quiero%20saber%20m%C3%A1s\" style=\"background-color:#000000\">Quiero m\u00e1s informaci\u00f3n<\/a><\/div>\n<\/div>\n\n\n\n<p><\/p>\n","protected":false},"excerpt":{"rendered":"<p>Las sesiones de coworking de Sa\u00fcc est\u00e1n pensadas para profundizar en nuestras t\u00e9cnicas con acompa\u00f1amiento y foco. Ofrecemos clases y sesiones libres tutorizadas, trabajando a partir de un proyecto propio [&hellip;]<\/p>\n","protected":false},"author":1,"featured_media":0,"parent":0,"menu_order":0,"comment_status":"closed","ping_status":"closed","template":"","meta":{"_price":"","_stock":"","_tribe_ticket_header":"","_tribe_default_ticket_provider":"","_tribe_ticket_capacity":"0","_ticket_start_date":"","_ticket_end_date":"","_tribe_ticket_show_description":"","_tribe_ticket_show_not_going":false,"_tribe_ticket_use_global_stock":"","_tribe_ticket_global_stock_level":"","_global_stock_mode":"","_global_stock_cap":"","_tribe_rsvp_for_event":"","_tribe_ticket_going_count":"","_tribe_ticket_not_going_count":"","_tribe_tickets_list":"[]","_tribe_ticket_has_attendee_info_fields":false,"footnotes":"","_tec_slr_enabled":"","_tec_slr_layout":""},"class_list":["post-236","page","type-page","status-publish","hentry"],"ticketed":false,"_links":{"self":[{"href":"https:\/\/sauctallercreatiu.com\/index.php\/wp-json\/wp\/v2\/pages\/236","targetHints":{"allow":["GET"]}}],"collection":[{"href":"https:\/\/sauctallercreatiu.com\/index.php\/wp-json\/wp\/v2\/pages"}],"about":[{"href":"https:\/\/sauctallercreatiu.com\/index.php\/wp-json\/wp\/v2\/types\/page"}],"author":[{"embeddable":true,"href":"https:\/\/sauctallercreatiu.com\/index.php\/wp-json\/wp\/v2\/users\/1"}],"replies":[{"embeddable":true,"href":"https:\/\/sauctallercreatiu.com\/index.php\/wp-json\/wp\/v2\/comments?post=236"}],"version-history":[{"count":1,"href":"https:\/\/sauctallercreatiu.com\/index.php\/wp-json\/wp\/v2\/pages\/236\/revisions"}],"predecessor-version":[{"id":242,"href":"https:\/\/sauctallercreatiu.com\/index.php\/wp-json\/wp\/v2\/pages\/236\/revisions\/242"}],"wp:attachment":[{"href":"https:\/\/sauctallercreatiu.com\/index.php\/wp-json\/wp\/v2\/media?parent=236"}],"curies":[{"name":"wp","href":"https:\/\/api.w.org\/{rel}","templated":true}]}}