{"id":247,"date":"2026-01-28T09:56:17","date_gmt":"2026-01-28T08:56:17","guid":{"rendered":"https:\/\/sauctallercreatiu.com\/?page_id=247"},"modified":"2026-01-28T09:56:18","modified_gmt":"2026-01-28T08:56:18","slug":"talleres-a-medida","status":"publish","type":"page","link":"https:\/\/sauctallercreatiu.com\/index.php\/talleres-a-medida\/","title":{"rendered":"Talleres a medida"},"content":{"rendered":"\n<div class=\"wp-block-media-text is-stacked-on-mobile\" style=\"grid-template-columns:49% auto\"><figure class=\"wp-block-media-text__media\"><img loading=\"lazy\" decoding=\"async\" width=\"771\" height=\"1024\" src=\"https:\/\/sauctallercreatiu.com\/wp-content\/uploads\/2026\/01\/PXL_20260116_201216209-771x1024.jpg\" alt=\"\" class=\"wp-image-244 size-full\" srcset=\"https:\/\/sauctallercreatiu.com\/wp-content\/uploads\/2026\/01\/PXL_20260116_201216209-771x1024.jpg 771w, https:\/\/sauctallercreatiu.com\/wp-content\/uploads\/2026\/01\/PXL_20260116_201216209-226x300.jpg 226w, https:\/\/sauctallercreatiu.com\/wp-content\/uploads\/2026\/01\/PXL_20260116_201216209-768x1020.jpg 768w, https:\/\/sauctallercreatiu.com\/wp-content\/uploads\/2026\/01\/PXL_20260116_201216209-1157x1536.jpg 1157w, https:\/\/sauctallercreatiu.com\/wp-content\/uploads\/2026\/01\/PXL_20260116_201216209-1542x2048.jpg 1542w, https:\/\/sauctallercreatiu.com\/wp-content\/uploads\/2026\/01\/PXL_20260116_201216209-1140x1514.jpg 1140w, https:\/\/sauctallercreatiu.com\/wp-content\/uploads\/2026\/01\/PXL_20260116_201216209-920x1222.jpg 920w, https:\/\/sauctallercreatiu.com\/wp-content\/uploads\/2026\/01\/PXL_20260116_201216209-575x764.jpg 575w, https:\/\/sauctallercreatiu.com\/wp-content\/uploads\/2026\/01\/PXL_20260116_201216209-380x505.jpg 380w, https:\/\/sauctallercreatiu.com\/wp-content\/uploads\/2026\/01\/PXL_20260116_201216209-scaled.jpg 1928w\" sizes=\"auto, (max-width: 771px) 100vw, 771px\" \/><\/figure><div class=\"wp-block-media-text__content\">\n<p>\u00bfQuieres organizar un taller creativo personalizado para tu grupo?<br>En Sa\u00fcc dise\u00f1amos talleres a medida para cumplea\u00f1os, grupos de amigos, familias o actividades de teambuilding para empresas. Podemos realizar los talleres tanto en nuestro espacio como desplazarnos y llevar todo el material necesario. Adaptamos la t\u00e9cnica, la duraci\u00f3n y el enfoque, con la opci\u00f3n de a\u00f1adir aperitivo y otros detalles especiales.<\/p>\n\n\n\n<p>Escr\u00edbenos y cu\u00e9ntanos tu idea, nos encargamos de darle forma.<\/p>\n\n\n\n<div class=\"wp-block-buttons is-content-justification-center is-layout-flex wp-container-core-buttons-is-layout-a89b3969 wp-block-buttons-is-layout-flex\">\n<div class=\"wp-block-button\"><a class=\"wp-block-button__link wp-element-button\" href=\"https:\/\/wa.me\/34614295549?text=Me%20gustar%C3%ADa%20saber%20m%C3%A1s%20informaci%C3%B3n%20de%20los%20talleres%20a%20medida%20para%20grupos\">Quiero m\u00e1s informaci\u00f3n<\/a><\/div>\n<\/div>\n<\/div><\/div>\n","protected":false},"excerpt":{"rendered":"","protected":false},"author":1,"featured_media":0,"parent":0,"menu_order":0,"comment_status":"closed","ping_status":"closed","template":"","meta":{"_price":"","_stock":"","_tribe_ticket_header":"","_tribe_default_ticket_provider":"","_tribe_ticket_capacity":"0","_ticket_start_date":"","_ticket_end_date":"","_tribe_ticket_show_description":"","_tribe_ticket_show_not_going":false,"_tribe_ticket_use_global_stock":"","_tribe_ticket_global_stock_level":"","_global_stock_mode":"","_global_stock_cap":"","_tribe_rsvp_for_event":"","_tribe_ticket_going_count":"","_tribe_ticket_not_going_count":"","_tribe_tickets_list":"[]","_tribe_ticket_has_attendee_info_fields":false,"footnotes":"","_tec_slr_enabled":"","_tec_slr_layout":""},"class_list":["post-247","page","type-page","status-publish","hentry"],"ticketed":false,"_links":{"self":[{"href":"https:\/\/sauctallercreatiu.com\/index.php\/wp-json\/wp\/v2\/pages\/247","targetHints":{"allow":["GET"]}}],"collection":[{"href":"https:\/\/sauctallercreatiu.com\/index.php\/wp-json\/wp\/v2\/pages"}],"about":[{"href":"https:\/\/sauctallercreatiu.com\/index.php\/wp-json\/wp\/v2\/types\/page"}],"author":[{"embeddable":true,"href":"https:\/\/sauctallercreatiu.com\/index.php\/wp-json\/wp\/v2\/users\/1"}],"replies":[{"embeddable":true,"href":"https:\/\/sauctallercreatiu.com\/index.php\/wp-json\/wp\/v2\/comments?post=247"}],"version-history":[{"count":1,"href":"https:\/\/sauctallercreatiu.com\/index.php\/wp-json\/wp\/v2\/pages\/247\/revisions"}],"predecessor-version":[{"id":248,"href":"https:\/\/sauctallercreatiu.com\/index.php\/wp-json\/wp\/v2\/pages\/247\/revisions\/248"}],"wp:attachment":[{"href":"https:\/\/sauctallercreatiu.com\/index.php\/wp-json\/wp\/v2\/media?parent=247"}],"curies":[{"name":"wp","href":"https:\/\/api.w.org\/{rel}","templated":true}]}}