{"id":252,"date":"2026-01-28T10:10:37","date_gmt":"2026-01-28T09:10:37","guid":{"rendered":"https:\/\/sauctallercreatiu.com\/?page_id=252"},"modified":"2026-01-28T10:10:38","modified_gmt":"2026-01-28T09:10:38","slug":"regala-sauc","status":"publish","type":"page","link":"https:\/\/sauctallercreatiu.com\/index.php\/regala-sauc\/","title":{"rendered":"Regala Sa\u00fcc"},"content":{"rendered":"\n<div class=\"wp-block-media-text is-stacked-on-mobile\" style=\"grid-template-columns:32% auto\"><figure class=\"wp-block-media-text__media\"><img loading=\"lazy\" decoding=\"async\" width=\"771\" height=\"1024\" src=\"https:\/\/sauctallercreatiu.com\/wp-content\/uploads\/2026\/01\/PXL_20250924_181152700.PORTRAIT-copia-771x1024.jpg\" alt=\"\" class=\"wp-image-253 size-full\" srcset=\"https:\/\/sauctallercreatiu.com\/wp-content\/uploads\/2026\/01\/PXL_20250924_181152700.PORTRAIT-copia-771x1024.jpg 771w, https:\/\/sauctallercreatiu.com\/wp-content\/uploads\/2026\/01\/PXL_20250924_181152700.PORTRAIT-copia-226x300.jpg 226w, https:\/\/sauctallercreatiu.com\/wp-content\/uploads\/2026\/01\/PXL_20250924_181152700.PORTRAIT-copia-768x1020.jpg 768w, https:\/\/sauctallercreatiu.com\/wp-content\/uploads\/2026\/01\/PXL_20250924_181152700.PORTRAIT-copia-1157x1536.jpg 1157w, https:\/\/sauctallercreatiu.com\/wp-content\/uploads\/2026\/01\/PXL_20250924_181152700.PORTRAIT-copia-1542x2048.jpg 1542w, https:\/\/sauctallercreatiu.com\/wp-content\/uploads\/2026\/01\/PXL_20250924_181152700.PORTRAIT-copia-1140x1514.jpg 1140w, https:\/\/sauctallercreatiu.com\/wp-content\/uploads\/2026\/01\/PXL_20250924_181152700.PORTRAIT-copia-920x1222.jpg 920w, https:\/\/sauctallercreatiu.com\/wp-content\/uploads\/2026\/01\/PXL_20250924_181152700.PORTRAIT-copia-575x764.jpg 575w, https:\/\/sauctallercreatiu.com\/wp-content\/uploads\/2026\/01\/PXL_20250924_181152700.PORTRAIT-copia-380x505.jpg 380w, https:\/\/sauctallercreatiu.com\/wp-content\/uploads\/2026\/01\/PXL_20250924_181152700.PORTRAIT-copia-scaled.jpg 1928w\" sizes=\"auto, (max-width: 771px) 100vw, 771px\" \/><\/figure><div class=\"wp-block-media-text__content\">\n<p>Regalar Sa\u00fcc es regalar temps, calma i creativitat.<br>Preparamos tarjetas y bonos regalo para talleres ya calendarizados, para experiencias sin fecha cerrada (cianotipia, linograbado, flores, velas, etc.) o sin taller definido, para que la persona pueda elegir con tranquilidad.<\/p>\n\n\n\n<p>Los bonos se canjean f\u00e1cilmente escribi\u00e9ndonos por WhatsApp para confirmar asistencia y reservar plaza. Siempre que se haga con la suficiente antelaci\u00f3n, es posible realizar cambios seg\u00fan disponibilidad de talleres y plazas.<\/p>\n\n\n\n<div class=\"wp-block-buttons is-content-justification-center is-layout-flex wp-container-core-buttons-is-layout-a89b3969 wp-block-buttons-is-layout-flex\">\n<div class=\"wp-block-button\"><a class=\"wp-block-button__link wp-element-button\" href=\"https:\/\/wa.me\/34614295549?text=Quiero%20saber%20m%C3%A1s%20de%20los%20bonos%20regalo%20de%20cursos%20y%20experiencias\">Quiero m\u00e1s informaci\u00f3n<\/a><\/div>\n<\/div>\n<\/div><\/div>\n\n\n\n<p><\/p>\n","protected":false},"excerpt":{"rendered":"","protected":false},"author":1,"featured_media":0,"parent":0,"menu_order":0,"comment_status":"closed","ping_status":"closed","template":"","meta":{"_price":"","_stock":"","_tribe_ticket_header":"","_tribe_default_ticket_provider":"","_tribe_ticket_capacity":"0","_ticket_start_date":"","_ticket_end_date":"","_tribe_ticket_show_description":"","_tribe_ticket_show_not_going":false,"_tribe_ticket_use_global_stock":"","_tribe_ticket_global_stock_level":"","_global_stock_mode":"","_global_stock_cap":"","_tribe_rsvp_for_event":"","_tribe_ticket_going_count":"","_tribe_ticket_not_going_count":"","_tribe_tickets_list":"[]","_tribe_ticket_has_attendee_info_fields":false,"footnotes":"","_tec_slr_enabled":"","_tec_slr_layout":""},"class_list":["post-252","page","type-page","status-publish","hentry"],"ticketed":false,"_links":{"self":[{"href":"https:\/\/sauctallercreatiu.com\/index.php\/wp-json\/wp\/v2\/pages\/252","targetHints":{"allow":["GET"]}}],"collection":[{"href":"https:\/\/sauctallercreatiu.com\/index.php\/wp-json\/wp\/v2\/pages"}],"about":[{"href":"https:\/\/sauctallercreatiu.com\/index.php\/wp-json\/wp\/v2\/types\/page"}],"author":[{"embeddable":true,"href":"https:\/\/sauctallercreatiu.com\/index.php\/wp-json\/wp\/v2\/users\/1"}],"replies":[{"embeddable":true,"href":"https:\/\/sauctallercreatiu.com\/index.php\/wp-json\/wp\/v2\/comments?post=252"}],"version-history":[{"count":1,"href":"https:\/\/sauctallercreatiu.com\/index.php\/wp-json\/wp\/v2\/pages\/252\/revisions"}],"predecessor-version":[{"id":254,"href":"https:\/\/sauctallercreatiu.com\/index.php\/wp-json\/wp\/v2\/pages\/252\/revisions\/254"}],"wp:attachment":[{"href":"https:\/\/sauctallercreatiu.com\/index.php\/wp-json\/wp\/v2\/media?parent=252"}],"curies":[{"name":"wp","href":"https:\/\/api.w.org\/{rel}","templated":true}]}}