{"id":39,"date":"2025-09-20T09:44:32","date_gmt":"2025-09-20T08:44:32","guid":{"rendered":"https:\/\/sauctallercreatiu.com\/?page_id=39"},"modified":"2026-03-25T09:03:13","modified_gmt":"2026-03-25T08:03:13","slug":"landing","status":"publish","type":"page","link":"https:\/\/sauctallercreatiu.com\/","title":{"rendered":"landing"},"content":{"rendered":"\n<div class=\"wp-block-cover alignfull is-light\"><img loading=\"lazy\" decoding=\"async\" width=\"771\" height=\"1024\" class=\"wp-block-cover__image-background wp-image-303 size-large\" alt=\"\" src=\"http:\/\/sauctallercreatiu.com\/wp-content\/uploads\/2026\/03\/PXL_20260131_112959432.PORTRAIT-771x1024.jpg\" data-object-fit=\"cover\" srcset=\"https:\/\/sauctallercreatiu.com\/wp-content\/uploads\/2026\/03\/PXL_20260131_112959432.PORTRAIT-771x1024.jpg 771w, https:\/\/sauctallercreatiu.com\/wp-content\/uploads\/2026\/03\/PXL_20260131_112959432.PORTRAIT-226x300.jpg 226w, https:\/\/sauctallercreatiu.com\/wp-content\/uploads\/2026\/03\/PXL_20260131_112959432.PORTRAIT-768x1020.jpg 768w, https:\/\/sauctallercreatiu.com\/wp-content\/uploads\/2026\/03\/PXL_20260131_112959432.PORTRAIT-1157x1536.jpg 1157w, https:\/\/sauctallercreatiu.com\/wp-content\/uploads\/2026\/03\/PXL_20260131_112959432.PORTRAIT-1542x2048.jpg 1542w, https:\/\/sauctallercreatiu.com\/wp-content\/uploads\/2026\/03\/PXL_20260131_112959432.PORTRAIT-1140x1514.jpg 1140w, https:\/\/sauctallercreatiu.com\/wp-content\/uploads\/2026\/03\/PXL_20260131_112959432.PORTRAIT-920x1222.jpg 920w, https:\/\/sauctallercreatiu.com\/wp-content\/uploads\/2026\/03\/PXL_20260131_112959432.PORTRAIT-575x764.jpg 575w, https:\/\/sauctallercreatiu.com\/wp-content\/uploads\/2026\/03\/PXL_20260131_112959432.PORTRAIT-380x505.jpg 380w, https:\/\/sauctallercreatiu.com\/wp-content\/uploads\/2026\/03\/PXL_20260131_112959432.PORTRAIT-scaled.jpg 1928w\" sizes=\"auto, (max-width: 771px) 100vw, 771px\" \/><span aria-hidden=\"true\" class=\"wp-block-cover__background has-color-0-background-color has-background-dim-10 has-background-dim\"><\/span><div class=\"wp-block-cover__inner-container is-layout-constrained wp-block-cover-is-layout-constrained\">\n<div class=\"wp-block-buttons is-horizontal is-content-justification-center is-layout-flex wp-container-core-buttons-is-layout-03627597 wp-block-buttons-is-layout-flex\">\n<div class=\"wp-block-button is-style-fill\"><a class=\"wp-block-button__link has-color-0-color has-text-color has-background has-link-color has-text-align-center wp-element-button\" href=\"https:\/\/sauctallercreatiu.com\/index.php\/calendario\/\" style=\"border-style:none;border-width:0px;background-color:#ffffff\">Calendario<\/a><\/div>\n\n\n\n<div class=\"wp-block-button\"><a class=\"wp-block-button__link has-color-0-color has-text-color has-background has-link-color has-text-align-center wp-element-button\" href=\"https:\/\/sauctallercreatiu.com\/index.php\/sesiones-coworking\/\" style=\"border-style:none;border-width:0px;background-color:#ffffff\">Sesiones coworking<\/a><\/div>\n\n\n\n<div class=\"wp-block-button\"><a class=\"wp-block-button__link has-color-0-color has-text-color has-background has-link-color wp-element-button\" href=\"https:\/\/sauctallercreatiu.com\/index.php\/talleres-a-medida\/\" style=\"border-style:none;border-width:0px;background-color:#ffffff\">Talleres a medida<\/a><\/div>\n\n\n\n<div class=\"wp-block-button\"><a class=\"wp-block-button__link has-color-0-color has-text-color has-background has-link-color has-text-align-center wp-element-button\" href=\"https:\/\/sauctallercreatiu.com\/index.php\/regala-sauc\/\" style=\"border-style:none;border-width:0px;background-color:#ffffff\">Regala Sa\u00fcc<\/a><\/div>\n<\/div>\n<\/div><\/div>\n\n\n\n<div style=\"height:37px\" aria-hidden=\"true\" class=\"wp-block-spacer\"><\/div>\n\n\n\n<div class=\"wp-block-columns is-layout-flex wp-container-core-columns-is-layout-28f84493 wp-block-columns-is-layout-flex\">\n<div class=\"wp-block-column is-vertically-aligned-center is-layout-flow wp-block-column-is-layout-flow\" style=\"flex-basis:66.66%\">\n<blockquote class=\"wp-block-quote has-text-align-center is-style-large is-layout-flow wp-block-quote-is-layout-flow\">\n<p>En Sa\u00fcc hacemos cursos, talleres y experiencias creativas. Ven para aprender las diferentes t\u00e9cnicas, desconectar y conocer el barrio, <strong>te apuntas?<\/strong><\/p>\n<\/blockquote>\n\n\n\n<p class=\"has-text-align-center\">Toda la informaci\u00f3n actualizada en nuestro <strong>Instagram <\/strong>y perfil de <strong>WhatsApp<\/strong><\/p>\n\n\n\n<ul class=\"wp-block-social-links aligncenter has-large-icon-size is-horizontal is-content-justification-center is-layout-flex wp-container-core-social-links-is-layout-03627597 wp-block-social-links-is-layout-flex\"><li class=\"wp-social-link wp-social-link-instagram  wp-block-social-link\"><a href=\"https:\/\/www.instagram.com\/sauc.tallercreatiu\/\" class=\"wp-block-social-link-anchor\"><svg width=\"24\" height=\"24\" viewBox=\"0 0 24 24\" version=\"1.1\" xmlns=\"http:\/\/www.w3.org\/2000\/svg\" aria-hidden=\"true\" focusable=\"false\"><path d=\"M12,4.622c2.403,0,2.688,0.009,3.637,0.052c0.877,0.04,1.354,0.187,1.671,0.31c0.42,0.163,0.72,0.358,1.035,0.673 c0.315,0.315,0.51,0.615,0.673,1.035c0.123,0.317,0.27,0.794,0.31,1.671c0.043,0.949,0.052,1.234,0.052,3.637 s-0.009,2.688-0.052,3.637c-0.04,0.877-0.187,1.354-0.31,1.671c-0.163,0.42-0.358,0.72-0.673,1.035 c-0.315,0.315-0.615,0.51-1.035,0.673c-0.317,0.123-0.794,0.27-1.671,0.31c-0.949,0.043-1.233,0.052-3.637,0.052 s-2.688-0.009-3.637-0.052c-0.877-0.04-1.354-0.187-1.671-0.31c-0.42-0.163-0.72-0.358-1.035-0.673 c-0.315-0.315-0.51-0.615-0.673-1.035c-0.123-0.317-0.27-0.794-0.31-1.671C4.631,14.688,4.622,14.403,4.622,12 s0.009-2.688,0.052-3.637c0.04-0.877,0.187-1.354,0.31-1.671c0.163-0.42,0.358-0.72,0.673-1.035 c0.315-0.315,0.615-0.51,1.035-0.673c0.317-0.123,0.794-0.27,1.671-0.31C9.312,4.631,9.597,4.622,12,4.622 M12,3 C9.556,3,9.249,3.01,8.289,3.054C7.331,3.098,6.677,3.25,6.105,3.472C5.513,3.702,5.011,4.01,4.511,4.511 c-0.5,0.5-0.808,1.002-1.038,1.594C3.25,6.677,3.098,7.331,3.054,8.289C3.01,9.249,3,9.556,3,12c0,2.444,0.01,2.751,0.054,3.711 c0.044,0.958,0.196,1.612,0.418,2.185c0.23,0.592,0.538,1.094,1.038,1.594c0.5,0.5,1.002,0.808,1.594,1.038 c0.572,0.222,1.227,0.375,2.185,0.418C9.249,20.99,9.556,21,12,21s2.751-0.01,3.711-0.054c0.958-0.044,1.612-0.196,2.185-0.418 c0.592-0.23,1.094-0.538,1.594-1.038c0.5-0.5,0.808-1.002,1.038-1.594c0.222-0.572,0.375-1.227,0.418-2.185 C20.99,14.751,21,14.444,21,12s-0.01-2.751-0.054-3.711c-0.044-0.958-0.196-1.612-0.418-2.185c-0.23-0.592-0.538-1.094-1.038-1.594 c-0.5-0.5-1.002-0.808-1.594-1.038c-0.572-0.222-1.227-0.375-2.185-0.418C14.751,3.01,14.444,3,12,3L12,3z M12,7.378 c-2.552,0-4.622,2.069-4.622,4.622S9.448,16.622,12,16.622s4.622-2.069,4.622-4.622S14.552,7.378,12,7.378z M12,15 c-1.657,0-3-1.343-3-3s1.343-3,3-3s3,1.343,3,3S13.657,15,12,15z M16.804,6.116c-0.596,0-1.08,0.484-1.08,1.08 s0.484,1.08,1.08,1.08c0.596,0,1.08-0.484,1.08-1.08S17.401,6.116,16.804,6.116z\"><\/path><\/svg><span class=\"wp-block-social-link-label screen-reader-text\">Instagram<\/span><\/a><\/li>\n\n<li class=\"wp-social-link wp-social-link-whatsapp  wp-block-social-link\"><a href=\"https:\/\/wa.me\/+34614295549\" class=\"wp-block-social-link-anchor\"><svg width=\"24\" height=\"24\" viewBox=\"0 0 24 24\" version=\"1.1\" xmlns=\"http:\/\/www.w3.org\/2000\/svg\" aria-hidden=\"true\" focusable=\"false\"><path d=\"M 12.011719 2 C 6.5057187 2 2.0234844 6.478375 2.0214844 11.984375 C 2.0204844 13.744375 2.4814687 15.462563 3.3554688 16.976562 L 2 22 L 7.2324219 20.763672 C 8.6914219 21.559672 10.333859 21.977516 12.005859 21.978516 L 12.009766 21.978516 C 17.514766 21.978516 21.995047 17.499141 21.998047 11.994141 C 22.000047 9.3251406 20.962172 6.8157344 19.076172 4.9277344 C 17.190172 3.0407344 14.683719 2.001 12.011719 2 z M 12.009766 4 C 14.145766 4.001 16.153109 4.8337969 17.662109 6.3417969 C 19.171109 7.8517969 20.000047 9.8581875 19.998047 11.992188 C 19.996047 16.396187 16.413812 19.978516 12.007812 19.978516 C 10.674812 19.977516 9.3544062 19.642812 8.1914062 19.007812 L 7.5175781 18.640625 L 6.7734375 18.816406 L 4.8046875 19.28125 L 5.2851562 17.496094 L 5.5019531 16.695312 L 5.0878906 15.976562 C 4.3898906 14.768562 4.0204844 13.387375 4.0214844 11.984375 C 4.0234844 7.582375 7.6067656 4 12.009766 4 z M 8.4765625 7.375 C 8.3095625 7.375 8.0395469 7.4375 7.8105469 7.6875 C 7.5815469 7.9365 6.9355469 8.5395781 6.9355469 9.7675781 C 6.9355469 10.995578 7.8300781 12.182609 7.9550781 12.349609 C 8.0790781 12.515609 9.68175 15.115234 12.21875 16.115234 C 14.32675 16.946234 14.754891 16.782234 15.212891 16.740234 C 15.670891 16.699234 16.690438 16.137687 16.898438 15.554688 C 17.106437 14.971687 17.106922 14.470187 17.044922 14.367188 C 16.982922 14.263188 16.816406 14.201172 16.566406 14.076172 C 16.317406 13.951172 15.090328 13.348625 14.861328 13.265625 C 14.632328 13.182625 14.464828 13.140625 14.298828 13.390625 C 14.132828 13.640625 13.655766 14.201187 13.509766 14.367188 C 13.363766 14.534188 13.21875 14.556641 12.96875 14.431641 C 12.71875 14.305641 11.914938 14.041406 10.960938 13.191406 C 10.218937 12.530406 9.7182656 11.714844 9.5722656 11.464844 C 9.4272656 11.215844 9.5585938 11.079078 9.6835938 10.955078 C 9.7955938 10.843078 9.9316406 10.663578 10.056641 10.517578 C 10.180641 10.371578 10.223641 10.267562 10.306641 10.101562 C 10.389641 9.9355625 10.347156 9.7890625 10.285156 9.6640625 C 10.223156 9.5390625 9.737625 8.3065 9.515625 7.8125 C 9.328625 7.3975 9.131125 7.3878594 8.953125 7.3808594 C 8.808125 7.3748594 8.6425625 7.375 8.4765625 7.375 z\"><\/path><\/svg><span class=\"wp-block-social-link-label screen-reader-text\">WhatsApp<\/span><\/a><\/li><\/ul>\n<\/div>\n\n\n\n<div class=\"wp-block-column is-layout-flow wp-block-column-is-layout-flow\" style=\"flex-basis:40%\">\n<figure class=\"wp-block-image size-large\" style=\"margin-top:0;margin-bottom:0\"><img loading=\"lazy\" decoding=\"async\" width=\"819\" height=\"1024\" src=\"https:\/\/sauctallercreatiu.com\/wp-content\/uploads\/2026\/03\/PXL_20260314_1136164963-819x1024.jpg\" alt=\"\" class=\"wp-image-301\" srcset=\"https:\/\/sauctallercreatiu.com\/wp-content\/uploads\/2026\/03\/PXL_20260314_1136164963-819x1024.jpg 819w, https:\/\/sauctallercreatiu.com\/wp-content\/uploads\/2026\/03\/PXL_20260314_1136164963-240x300.jpg 240w, https:\/\/sauctallercreatiu.com\/wp-content\/uploads\/2026\/03\/PXL_20260314_1136164963-768x961.jpg 768w, https:\/\/sauctallercreatiu.com\/wp-content\/uploads\/2026\/03\/PXL_20260314_1136164963-1228x1536.jpg 1228w, https:\/\/sauctallercreatiu.com\/wp-content\/uploads\/2026\/03\/PXL_20260314_1136164963-1637x2048.jpg 1637w, https:\/\/sauctallercreatiu.com\/wp-content\/uploads\/2026\/03\/PXL_20260314_1136164963-1140x1426.jpg 1140w, https:\/\/sauctallercreatiu.com\/wp-content\/uploads\/2026\/03\/PXL_20260314_1136164963-920x1151.jpg 920w, https:\/\/sauctallercreatiu.com\/wp-content\/uploads\/2026\/03\/PXL_20260314_1136164963-575x719.jpg 575w, https:\/\/sauctallercreatiu.com\/wp-content\/uploads\/2026\/03\/PXL_20260314_1136164963-380x475.jpg 380w, https:\/\/sauctallercreatiu.com\/wp-content\/uploads\/2026\/03\/PXL_20260314_1136164963-scaled.jpg 2046w\" sizes=\"auto, (max-width: 819px) 100vw, 819px\" \/><\/figure>\n<\/div>\n<\/div>\n","protected":false},"excerpt":{"rendered":"<p>En Sa\u00fcc hacemos cursos, talleres y experiencias creativas. Ven para aprender las diferentes t\u00e9cnicas, desconectar y conocer el barrio, te apuntas? Toda la informaci\u00f3n actualizada en nuestro Instagram y perfil [&hellip;]<\/p>\n","protected":false},"author":1,"featured_media":0,"parent":0,"menu_order":0,"comment_status":"closed","ping_status":"closed","template":"","meta":{"_price":"","_stock":"","_tribe_ticket_header":"","_tribe_default_ticket_provider":"","_tribe_ticket_capacity":"0","_ticket_start_date":"","_ticket_end_date":"","_tribe_ticket_show_description":"","_tribe_ticket_show_not_going":false,"_tribe_ticket_use_global_stock":"","_tribe_ticket_global_stock_level":"","_global_stock_mode":"","_global_stock_cap":"","_tribe_rsvp_for_event":"","_tribe_ticket_going_count":"","_tribe_ticket_not_going_count":"","_tribe_tickets_list":"[]","_tribe_ticket_has_attendee_info_fields":false,"footnotes":"","_tec_slr_enabled":"","_tec_slr_layout":""},"class_list":["post-39","page","type-page","status-publish","hentry"],"ticketed":false,"_links":{"self":[{"href":"https:\/\/sauctallercreatiu.com\/index.php\/wp-json\/wp\/v2\/pages\/39","targetHints":{"allow":["GET"]}}],"collection":[{"href":"https:\/\/sauctallercreatiu.com\/index.php\/wp-json\/wp\/v2\/pages"}],"about":[{"href":"https:\/\/sauctallercreatiu.com\/index.php\/wp-json\/wp\/v2\/types\/page"}],"author":[{"embeddable":true,"href":"https:\/\/sauctallercreatiu.com\/index.php\/wp-json\/wp\/v2\/users\/1"}],"replies":[{"embeddable":true,"href":"https:\/\/sauctallercreatiu.com\/index.php\/wp-json\/wp\/v2\/comments?post=39"}],"version-history":[{"count":44,"href":"https:\/\/sauctallercreatiu.com\/index.php\/wp-json\/wp\/v2\/pages\/39\/revisions"}],"predecessor-version":[{"id":304,"href":"https:\/\/sauctallercreatiu.com\/index.php\/wp-json\/wp\/v2\/pages\/39\/revisions\/304"}],"wp:attachment":[{"href":"https:\/\/sauctallercreatiu.com\/index.php\/wp-json\/wp\/v2\/media?parent=39"}],"curies":[{"name":"wp","href":"https:\/\/api.w.org\/{rel}","templated":true}]}}